{"id":2,"date":"2019-02-06T14:30:28","date_gmt":"2019-02-06T14:30:28","guid":{"rendered":"https:\/\/kolkonjoensaha.fi\/?page_id=2"},"modified":"2019-02-13T17:27:57","modified_gmt":"2019-02-13T17:27:57","slug":"sample-page","status":"publish","type":"page","link":"http:\/\/www.kolkonjoensaha.fi\/","title":{"rendered":"Kolkonjoen Mylly ja Saha"},"content":{"rendered":"\n<p>Mets\u00e4\u00e4n-lehden artikkeli Kolkonjoen sahasta: <a rel=\"noreferrer noopener\" aria-label=\" (avautuu uudessa v\u00e4lilehdess\u00e4)\" href=\"https:\/\/www.metsaan-lehti.fi\/uutiset\/metsien-kaytto\/sahayrittajyytta-suurella-sydamella.html\" target=\"_blank\">Sahayritt\u00e4jyytt\u00e4 suurella syd\u00e4mell\u00e4<\/a><\/p>\n\n\n\n<p><\/p>\n\n\n\n<p><\/p>\n","protected":false},"excerpt":{"rendered":"<p>Mets\u00e4\u00e4n-lehden artikkeli Kolkonjoen sahasta: Sahayritt\u00e4jyytt\u00e4 suurella syd\u00e4mell\u00e4<\/p>\n","protected":false},"author":1,"featured_media":0,"parent":0,"menu_order":0,"comment_status":"closed","ping_status":"open","template":"","meta":[],"_links":{"self":[{"href":"http:\/\/www.kolkonjoensaha.fi\/index.php?rest_route=\/wp\/v2\/pages\/2"}],"collection":[{"href":"http:\/\/www.kolkonjoensaha.fi\/index.php?rest_route=\/wp\/v2\/pages"}],"about":[{"href":"http:\/\/www.kolkonjoensaha.fi\/index.php?rest_route=\/wp\/v2\/types\/page"}],"author":[{"embeddable":true,"href":"http:\/\/www.kolkonjoensaha.fi\/index.php?rest_route=\/wp\/v2\/users\/1"}],"replies":[{"embeddable":true,"href":"http:\/\/www.kolkonjoensaha.fi\/index.php?rest_route=%2Fwp%2Fv2%2Fcomments&post=2"}],"version-history":[{"count":3,"href":"http:\/\/www.kolkonjoensaha.fi\/index.php?rest_route=\/wp\/v2\/pages\/2\/revisions"}],"predecessor-version":[{"id":56,"href":"http:\/\/www.kolkonjoensaha.fi\/index.php?rest_route=\/wp\/v2\/pages\/2\/revisions\/56"}],"wp:attachment":[{"href":"http:\/\/www.kolkonjoensaha.fi\/index.php?rest_route=%2Fwp%2Fv2%2Fmedia&parent=2"}],"curies":[{"name":"wp","href":"https:\/\/api.w.org\/{rel}","templated":true}]}}